{"id":453,"date":"2020-11-24T14:56:17","date_gmt":"2020-11-24T13:56:17","guid":{"rendered":"http:\/\/www.oedt.at\/spar\/?page_id=453"},"modified":"2021-06-30T09:00:45","modified_gmt":"2021-06-30T07:00:45","slug":"hollunderweg-2","status":"publish","type":"page","link":"https:\/\/www.oedt.at\/spar\/?page_id=453","title":{"rendered":"Hollunderweg 2"},"content":{"rendered":"\n<p>In diesem Haus befindet sich die Trafik.<br>Dar\u00fcber und daneben gibt es je eine Wohnung.<br>Auch das B\u00fcro der Schnabl Handels GmbH ist in diesem Haus.<\/p>\n\n\n\n<p>Alle R\u00e4umlichkeiten sind vermietet.<\/p>\n\n\n\n<figure class=\"wp-block-image\"><img loading=\"lazy\" width=\"1024\" height=\"312\" src=\"http:\/\/www.oedt.at\/spar\/wp-content\/uploads\/2020\/11\/Trafik-3-e1606217082829-1024x312.jpg\" alt=\"\" class=\"wp-image-414\" srcset=\"https:\/\/www.oedt.at\/spar\/wp-content\/uploads\/2020\/11\/Trafik-3-e1606217082829-1024x312.jpg 1024w, https:\/\/www.oedt.at\/spar\/wp-content\/uploads\/2020\/11\/Trafik-3-e1606217082829-300x91.jpg 300w, https:\/\/www.oedt.at\/spar\/wp-content\/uploads\/2020\/11\/Trafik-3-e1606217082829-768x234.jpg 768w, https:\/\/www.oedt.at\/spar\/wp-content\/uploads\/2020\/11\/Trafik-3-e1606217082829.jpg 1100w\" sizes=\"(max-width: 1024px) 100vw, 1024px\" \/><\/figure>\n","protected":false},"excerpt":{"rendered":"<p>In diesem Haus befindet sich die Trafik.Dar\u00fcber und daneben gibt es je eine Wohnung.Auch das B\u00fcro der Schnabl Handels GmbH ist in diesem Haus. Alle R\u00e4umlichkeiten sind vermietet.<\/p>\n","protected":false},"author":1,"featured_media":0,"parent":0,"menu_order":0,"comment_status":"closed","ping_status":"closed","template":"","meta":{"ngg_post_thumbnail":0},"_links":{"self":[{"href":"https:\/\/www.oedt.at\/spar\/index.php?rest_route=\/wp\/v2\/pages\/453"}],"collection":[{"href":"https:\/\/www.oedt.at\/spar\/index.php?rest_route=\/wp\/v2\/pages"}],"about":[{"href":"https:\/\/www.oedt.at\/spar\/index.php?rest_route=\/wp\/v2\/types\/page"}],"author":[{"embeddable":true,"href":"https:\/\/www.oedt.at\/spar\/index.php?rest_route=\/wp\/v2\/users\/1"}],"replies":[{"embeddable":true,"href":"https:\/\/www.oedt.at\/spar\/index.php?rest_route=%2Fwp%2Fv2%2Fcomments&post=453"}],"version-history":[{"count":1,"href":"https:\/\/www.oedt.at\/spar\/index.php?rest_route=\/wp\/v2\/pages\/453\/revisions"}],"predecessor-version":[{"id":454,"href":"https:\/\/www.oedt.at\/spar\/index.php?rest_route=\/wp\/v2\/pages\/453\/revisions\/454"}],"wp:attachment":[{"href":"https:\/\/www.oedt.at\/spar\/index.php?rest_route=%2Fwp%2Fv2%2Fmedia&parent=453"}],"curies":[{"name":"wp","href":"https:\/\/api.w.org\/{rel}","templated":true}]}}