{"id":572,"date":"2021-01-26T14:04:12","date_gmt":"2021-01-26T13:04:12","guid":{"rendered":"http:\/\/www.oedt.at\/biohof\/?page_id=572"},"modified":"2025-12-15T09:53:02","modified_gmt":"2025-12-15T08:53:02","slug":"ferienhaeuser","status":"publish","type":"page","link":"https:\/\/www.oedt.at\/biohof\/?page_id=572","title":{"rendered":"FERIENHAUS"},"content":{"rendered":"\n<p>F\u00fcr alle die etwas Auszeit im M\u00fchl- oder Waldviertel, direkt im ruhigen Grenzgebiet zu Tschechien suchen, haben wir ein Ferienhaus anzubieten.<\/p>\n\n\n\n<p>Das gerade neu renovierte &#8222;Grenzhaus&#8220; in der Ortschaft Stadlberg (Gemeinde Karlstift), steht ab 2021 auch G\u00e4sten zur Verf\u00fcgung. Dieses Haus bietet Platz f\u00fcr bis zu 8 Personen.<\/p>\n\n\n\n<figure class=\"wp-block-image size-large\"><img loading=\"lazy\" width=\"640\" height=\"427\" src=\"https:\/\/www.oedt.at\/biohof\/wp-content\/uploads\/2021\/01\/cpatriciakoppenberger163von254.jpg\" alt=\"\" class=\"wp-image-573\" srcset=\"https:\/\/www.oedt.at\/biohof\/wp-content\/uploads\/2021\/01\/cpatriciakoppenberger163von254.jpg 640w, https:\/\/www.oedt.at\/biohof\/wp-content\/uploads\/2021\/01\/cpatriciakoppenberger163von254-300x200.jpg 300w\" sizes=\"(max-width: 640px) 100vw, 640px\" \/><figcaption>Grenzhaus in Stadlberg<\/figcaption><\/figure>\n\n\n\n<p><\/p>\n","protected":false},"excerpt":{"rendered":"<p>F\u00fcr alle die etwas Auszeit im M\u00fchl- oder Waldviertel, direkt im ruhigen Grenzgebiet zu Tschechien suchen, haben wir ein Ferienhaus anzubieten. Das gerade neu renovierte &#8222;Grenzhaus&#8220; in der Ortschaft Stadlberg (Gemeinde Karlstift), steht ab 2021 auch G\u00e4sten zur Verf\u00fcgung. Dieses<a class=\"more-link\" href=\"https:\/\/www.oedt.at\/biohof\/?page_id=572\"><span>Weiterlesen<\/span><\/a><\/p>\n","protected":false},"author":1,"featured_media":0,"parent":0,"menu_order":5,"comment_status":"closed","ping_status":"closed","template":"","meta":{"ngg_post_thumbnail":0},"_links":{"self":[{"href":"https:\/\/www.oedt.at\/biohof\/index.php?rest_route=\/wp\/v2\/pages\/572"}],"collection":[{"href":"https:\/\/www.oedt.at\/biohof\/index.php?rest_route=\/wp\/v2\/pages"}],"about":[{"href":"https:\/\/www.oedt.at\/biohof\/index.php?rest_route=\/wp\/v2\/types\/page"}],"author":[{"embeddable":true,"href":"https:\/\/www.oedt.at\/biohof\/index.php?rest_route=\/wp\/v2\/users\/1"}],"replies":[{"embeddable":true,"href":"https:\/\/www.oedt.at\/biohof\/index.php?rest_route=%2Fwp%2Fv2%2Fcomments&post=572"}],"version-history":[{"count":5,"href":"https:\/\/www.oedt.at\/biohof\/index.php?rest_route=\/wp\/v2\/pages\/572\/revisions"}],"predecessor-version":[{"id":679,"href":"https:\/\/www.oedt.at\/biohof\/index.php?rest_route=\/wp\/v2\/pages\/572\/revisions\/679"}],"wp:attachment":[{"href":"https:\/\/www.oedt.at\/biohof\/index.php?rest_route=%2Fwp%2Fv2%2Fmedia&parent=572"}],"curies":[{"name":"wp","href":"https:\/\/api.w.org\/{rel}","templated":true}]}}