{"id":552,"date":"2021-01-26T13:53:41","date_gmt":"2021-01-26T12:53:41","guid":{"rendered":"http:\/\/www.oedt.at\/biohof\/?page_id=552"},"modified":"2022-06-11T09:32:06","modified_gmt":"2022-06-11T07:32:06","slug":"grenzhaus","status":"publish","type":"page","link":"https:\/\/www.oedt.at\/biohof\/?page_id=552","title":{"rendered":"GRENZHAUS"},"content":{"rendered":"\n<p>Im November 2019 haben wir ein weiteres Ferienhaus erworben. Es befindet sich in Stadlberg, welches zur Gemeinde Karlstift in Nieder\u00f6sterreich geh\u00f6rt. \u00dcber ein Jahr lang wurde es von Grund auf neu renoviert und mit viel Liebe eingerrichtet.<\/p>\n\n\n\n<p>Ab 2021 steht es nun Ferieng\u00e4sten zur Verf\u00fcgung. Bis zu 8 Personen finden im Haus Platz. Es gibt zwei Schlafr\u00e4ume mit je einem Doppelbett und ein Zimmer mit Stockbetten. Im gro\u00dfz\u00fcgigen Wohnzimmer steht ein Pelletsofen der f\u00fcr W\u00e4rme und gem\u00fctliche Stimmung sorgt. F\u00fcr k\u00fchlere Tage gibt es eine Infrarotkabine sowie eine Sauna im Au\u00dfenbereich, die nicht nur W\u00e4rme sondern auch eine tolle Aussicht bietet. Zum gem\u00fctlichen Zusammensitzen und Ausspannen l\u00e4dt eine gro\u00dfe Terrasse im Innenhof ein.<\/p>\n\n\n\n<p>Alle die dem stressigen Alltag entfliehen wollen und pure Natur lieben, sind bei uns im Grenzhaus genau richtig. In unmittelbarer N\u00e4he des Hauses liegt die Staatsgrenze zu Tschechien, dort befindet sich ein gro\u00dfes Naturschutzgebiet welches zu Wanderungen und zum Radfahren bzw. Langlaufen im Winter einl\u00e4dt. Einige Naturbadeteiche befinden sich nur wenige Kilometer vom Haus entfernt. Im Winter kann man in Karlstift die Schipiste genie\u00dfen.<\/p>\n\n\n\n<p>F\u00fcr weitere Ausk\u00fcnfte oder Anfragen bez\u00fcglich Buchung stehen wir gerne zur Verf\u00fcgung.<\/p>\n\n\n\n<p>Hans-Peter 0650 4325027<\/p>\n\n\n\n<p>email: <a href=\"mailto:kontakt@biohofbruckmann.at\" data-type=\"mailto\" data-id=\"mailto:kontakt@biohofbruckmann.at\">kontakt@biohofbruckmann.at<\/a><\/p>\n\n\n\n<figure class=\"wp-container-2 wp-block-gallery-1 wp-block-gallery has-nested-images columns-default is-cropped\">\n<figure class=\"wp-block-image size-large\"><img loading=\"lazy\" width=\"640\" height=\"427\" data-id=\"554\"  src=\"https:\/\/www.oedt.at\/biohof\/wp-content\/uploads\/2021\/01\/cpatriciakoppenberger56von254.jpg\" alt=\"\" class=\"wp-image-554\" srcset=\"https:\/\/www.oedt.at\/biohof\/wp-content\/uploads\/2021\/01\/cpatriciakoppenberger56von254.jpg 640w, https:\/\/www.oedt.at\/biohof\/wp-content\/uploads\/2021\/01\/cpatriciakoppenberger56von254-300x200.jpg 300w\" sizes=\"(max-width: 640px) 100vw, 640px\" \/><\/figure>\n\n\n\n<figure class=\"wp-block-image size-large\"><img loading=\"lazy\" width=\"640\" height=\"427\" data-id=\"555\"  src=\"https:\/\/www.oedt.at\/biohof\/wp-content\/uploads\/2021\/01\/cpatriciakoppenberger71von254.jpg\" alt=\"\" class=\"wp-image-555\" srcset=\"https:\/\/www.oedt.at\/biohof\/wp-content\/uploads\/2021\/01\/cpatriciakoppenberger71von254.jpg 640w, https:\/\/www.oedt.at\/biohof\/wp-content\/uploads\/2021\/01\/cpatriciakoppenberger71von254-300x200.jpg 300w\" sizes=\"(max-width: 640px) 100vw, 640px\" \/><\/figure>\n\n\n\n<figure class=\"wp-block-image size-large\"><img loading=\"lazy\" width=\"640\" height=\"960\" data-id=\"556\"  src=\"https:\/\/www.oedt.at\/biohof\/wp-content\/uploads\/2021\/01\/cpatriciakoppenberger76von254.jpg\" alt=\"\" class=\"wp-image-556\" srcset=\"https:\/\/www.oedt.at\/biohof\/wp-content\/uploads\/2021\/01\/cpatriciakoppenberger76von254.jpg 640w, https:\/\/www.oedt.at\/biohof\/wp-content\/uploads\/2021\/01\/cpatriciakoppenberger76von254-200x300.jpg 200w\" sizes=\"(max-width: 640px) 100vw, 640px\" \/><\/figure>\n\n\n\n<figure class=\"wp-block-image size-large\"><img loading=\"lazy\" width=\"640\" height=\"427\" data-id=\"557\"  src=\"https:\/\/www.oedt.at\/biohof\/wp-content\/uploads\/2021\/01\/cpatriciakoppenberger84von254.jpg\" alt=\"\" class=\"wp-image-557\" srcset=\"https:\/\/www.oedt.at\/biohof\/wp-content\/uploads\/2021\/01\/cpatriciakoppenberger84von254.jpg 640w, https:\/\/www.oedt.at\/biohof\/wp-content\/uploads\/2021\/01\/cpatriciakoppenberger84von254-300x200.jpg 300w\" sizes=\"(max-width: 640px) 100vw, 640px\" \/><\/figure>\n\n\n\n<figure class=\"wp-block-image size-large\"><img loading=\"lazy\" width=\"640\" height=\"960\" data-id=\"558\"  src=\"https:\/\/www.oedt.at\/biohof\/wp-content\/uploads\/2021\/01\/cpatriciakoppenberger86von254.jpg\" alt=\"\" class=\"wp-image-558\" srcset=\"https:\/\/www.oedt.at\/biohof\/wp-content\/uploads\/2021\/01\/cpatriciakoppenberger86von254.jpg 640w, https:\/\/www.oedt.at\/biohof\/wp-content\/uploads\/2021\/01\/cpatriciakoppenberger86von254-200x300.jpg 200w\" sizes=\"(max-width: 640px) 100vw, 640px\" \/><\/figure>\n\n\n\n<figure class=\"wp-block-image size-large\"><img loading=\"lazy\" width=\"640\" height=\"427\" data-id=\"559\"  src=\"https:\/\/www.oedt.at\/biohof\/wp-content\/uploads\/2021\/01\/cpatriciakoppenberger92von254.jpg\" alt=\"\" class=\"wp-image-559\" srcset=\"https:\/\/www.oedt.at\/biohof\/wp-content\/uploads\/2021\/01\/cpatriciakoppenberger92von254.jpg 640w, https:\/\/www.oedt.at\/biohof\/wp-content\/uploads\/2021\/01\/cpatriciakoppenberger92von254-300x200.jpg 300w\" sizes=\"(max-width: 640px) 100vw, 640px\" \/><\/figure>\n\n\n\n<figure class=\"wp-block-image size-large\"><img loading=\"lazy\" width=\"640\" height=\"960\" data-id=\"560\"  src=\"https:\/\/www.oedt.at\/biohof\/wp-content\/uploads\/2021\/01\/cpatriciakoppenberger94von254.jpg\" alt=\"\" class=\"wp-image-560\" srcset=\"https:\/\/www.oedt.at\/biohof\/wp-content\/uploads\/2021\/01\/cpatriciakoppenberger94von254.jpg 640w, https:\/\/www.oedt.at\/biohof\/wp-content\/uploads\/2021\/01\/cpatriciakoppenberger94von254-200x300.jpg 200w\" sizes=\"(max-width: 640px) 100vw, 640px\" \/><\/figure>\n\n\n\n<figure class=\"wp-block-image size-large\"><img loading=\"lazy\" width=\"640\" height=\"960\" data-id=\"561\"  src=\"https:\/\/www.oedt.at\/biohof\/wp-content\/uploads\/2021\/01\/cpatriciakoppenberger99von254.jpg\" alt=\"\" class=\"wp-image-561\" srcset=\"https:\/\/www.oedt.at\/biohof\/wp-content\/uploads\/2021\/01\/cpatriciakoppenberger99von254.jpg 640w, https:\/\/www.oedt.at\/biohof\/wp-content\/uploads\/2021\/01\/cpatriciakoppenberger99von254-200x300.jpg 200w\" sizes=\"(max-width: 640px) 100vw, 640px\" \/><\/figure>\n\n\n\n<figure class=\"wp-block-image size-large\"><img loading=\"lazy\" width=\"640\" height=\"960\" data-id=\"562\"  src=\"https:\/\/www.oedt.at\/biohof\/wp-content\/uploads\/2021\/01\/cpatriciakoppenberger100von254.jpg\" alt=\"\" class=\"wp-image-562\" srcset=\"https:\/\/www.oedt.at\/biohof\/wp-content\/uploads\/2021\/01\/cpatriciakoppenberger100von254.jpg 640w, https:\/\/www.oedt.at\/biohof\/wp-content\/uploads\/2021\/01\/cpatriciakoppenberger100von254-200x300.jpg 200w\" sizes=\"(max-width: 640px) 100vw, 640px\" \/><\/figure>\n\n\n\n<figure class=\"wp-block-image size-large\"><img loading=\"lazy\" width=\"640\" height=\"960\" data-id=\"563\"  src=\"https:\/\/www.oedt.at\/biohof\/wp-content\/uploads\/2021\/01\/cpatriciakoppenberger106von254.jpg\" alt=\"\" class=\"wp-image-563\" srcset=\"https:\/\/www.oedt.at\/biohof\/wp-content\/uploads\/2021\/01\/cpatriciakoppenberger106von254.jpg 640w, https:\/\/www.oedt.at\/biohof\/wp-content\/uploads\/2021\/01\/cpatriciakoppenberger106von254-200x300.jpg 200w\" sizes=\"(max-width: 640px) 100vw, 640px\" \/><\/figure>\n\n\n\n<figure class=\"wp-block-image size-large\"><img loading=\"lazy\" width=\"640\" height=\"427\" data-id=\"564\"  src=\"https:\/\/www.oedt.at\/biohof\/wp-content\/uploads\/2021\/01\/cpatriciakoppenberger112von254.jpg\" alt=\"\" class=\"wp-image-564\" srcset=\"https:\/\/www.oedt.at\/biohof\/wp-content\/uploads\/2021\/01\/cpatriciakoppenberger112von254.jpg 640w, https:\/\/www.oedt.at\/biohof\/wp-content\/uploads\/2021\/01\/cpatriciakoppenberger112von254-300x200.jpg 300w\" sizes=\"(max-width: 640px) 100vw, 640px\" \/><\/figure>\n\n\n\n<figure class=\"wp-block-image size-large\"><img loading=\"lazy\" width=\"640\" height=\"427\" data-id=\"565\"  src=\"https:\/\/www.oedt.at\/biohof\/wp-content\/uploads\/2021\/01\/cpatriciakoppenberger130von254.jpg\" alt=\"\" class=\"wp-image-565\" srcset=\"https:\/\/www.oedt.at\/biohof\/wp-content\/uploads\/2021\/01\/cpatriciakoppenberger130von254.jpg 640w, https:\/\/www.oedt.at\/biohof\/wp-content\/uploads\/2021\/01\/cpatriciakoppenberger130von254-300x200.jpg 300w\" sizes=\"(max-width: 640px) 100vw, 640px\" \/><\/figure>\n\n\n\n<figure class=\"wp-block-image size-large\"><img loading=\"lazy\" width=\"640\" height=\"427\" data-id=\"566\"  src=\"https:\/\/www.oedt.at\/biohof\/wp-content\/uploads\/2021\/01\/cpatriciakoppenberger134von254.jpg\" alt=\"\" class=\"wp-image-566\" srcset=\"https:\/\/www.oedt.at\/biohof\/wp-content\/uploads\/2021\/01\/cpatriciakoppenberger134von254.jpg 640w, https:\/\/www.oedt.at\/biohof\/wp-content\/uploads\/2021\/01\/cpatriciakoppenberger134von254-300x200.jpg 300w\" sizes=\"(max-width: 640px) 100vw, 640px\" \/><\/figure>\n\n\n\n<figure class=\"wp-block-image size-large\"><img loading=\"lazy\" width=\"640\" height=\"427\" data-id=\"567\"  src=\"https:\/\/www.oedt.at\/biohof\/wp-content\/uploads\/2021\/01\/cpatriciakoppenberger138von254.jpg\" alt=\"\" class=\"wp-image-567\" srcset=\"https:\/\/www.oedt.at\/biohof\/wp-content\/uploads\/2021\/01\/cpatriciakoppenberger138von254.jpg 640w, https:\/\/www.oedt.at\/biohof\/wp-content\/uploads\/2021\/01\/cpatriciakoppenberger138von254-300x200.jpg 300w\" sizes=\"(max-width: 640px) 100vw, 640px\" \/><\/figure>\n\n\n\n<figure class=\"wp-block-image size-large\"><img loading=\"lazy\" width=\"640\" height=\"427\" data-id=\"568\"  src=\"https:\/\/www.oedt.at\/biohof\/wp-content\/uploads\/2021\/01\/cpatriciakoppenberger150von254.jpg\" alt=\"\" class=\"wp-image-568\" srcset=\"https:\/\/www.oedt.at\/biohof\/wp-content\/uploads\/2021\/01\/cpatriciakoppenberger150von254.jpg 640w, https:\/\/www.oedt.at\/biohof\/wp-content\/uploads\/2021\/01\/cpatriciakoppenberger150von254-300x200.jpg 300w\" sizes=\"(max-width: 640px) 100vw, 640px\" \/><\/figure>\n\n\n\n<figure class=\"wp-block-image size-large\"><img loading=\"lazy\" width=\"640\" height=\"427\" data-id=\"569\"  src=\"https:\/\/www.oedt.at\/biohof\/wp-content\/uploads\/2021\/01\/cpatriciakoppenberger165von254.jpg\" alt=\"\" class=\"wp-image-569\" srcset=\"https:\/\/www.oedt.at\/biohof\/wp-content\/uploads\/2021\/01\/cpatriciakoppenberger165von254.jpg 640w, https:\/\/www.oedt.at\/biohof\/wp-content\/uploads\/2021\/01\/cpatriciakoppenberger165von254-300x200.jpg 300w\" sizes=\"(max-width: 640px) 100vw, 640px\" \/><\/figure>\n\n\n\n<figure class=\"wp-block-image size-large\"><img loading=\"lazy\" width=\"640\" height=\"427\" data-id=\"570\"  src=\"https:\/\/www.oedt.at\/biohof\/wp-content\/uploads\/2021\/01\/cpatriciakoppenberger170von254.jpg\" alt=\"\" class=\"wp-image-570\" srcset=\"https:\/\/www.oedt.at\/biohof\/wp-content\/uploads\/2021\/01\/cpatriciakoppenberger170von254.jpg 640w, https:\/\/www.oedt.at\/biohof\/wp-content\/uploads\/2021\/01\/cpatriciakoppenberger170von254-300x200.jpg 300w\" sizes=\"(max-width: 640px) 100vw, 640px\" \/><\/figure>\n<\/figure>\n\n\n\n<figure class=\"wp-container-4 wp-block-gallery-3 wp-block-gallery has-nested-images columns-default is-cropped\">\n<figure class=\"wp-block-image size-large\"><img loading=\"lazy\" width=\"2560\" height=\"1440\" data-id=\"622\"  src=\"http:\/\/www.oedt.at\/biohof\/wp-content\/uploads\/2022\/06\/DJI_0084-scaled.jpg\" alt=\"\" class=\"wp-image-622\" srcset=\"https:\/\/www.oedt.at\/biohof\/wp-content\/uploads\/2022\/06\/DJI_0084-scaled.jpg 2560w, https:\/\/www.oedt.at\/biohof\/wp-content\/uploads\/2022\/06\/DJI_0084-300x169.jpg 300w, https:\/\/www.oedt.at\/biohof\/wp-content\/uploads\/2022\/06\/DJI_0084-1024x576.jpg 1024w, https:\/\/www.oedt.at\/biohof\/wp-content\/uploads\/2022\/06\/DJI_0084-768x432.jpg 768w, https:\/\/www.oedt.at\/biohof\/wp-content\/uploads\/2022\/06\/DJI_0084-1536x864.jpg 1536w, https:\/\/www.oedt.at\/biohof\/wp-content\/uploads\/2022\/06\/DJI_0084-2048x1152.jpg 2048w\" sizes=\"(max-width: 2560px) 100vw, 2560px\" \/><\/figure>\n\n\n\n<figure class=\"wp-block-image size-large\"><img loading=\"lazy\" width=\"2560\" height=\"1440\" data-id=\"621\"  src=\"http:\/\/www.oedt.at\/biohof\/wp-content\/uploads\/2022\/06\/DJI_0091-scaled.jpg\" alt=\"\" class=\"wp-image-621\" srcset=\"https:\/\/www.oedt.at\/biohof\/wp-content\/uploads\/2022\/06\/DJI_0091-scaled.jpg 2560w, https:\/\/www.oedt.at\/biohof\/wp-content\/uploads\/2022\/06\/DJI_0091-300x169.jpg 300w, https:\/\/www.oedt.at\/biohof\/wp-content\/uploads\/2022\/06\/DJI_0091-1024x576.jpg 1024w, https:\/\/www.oedt.at\/biohof\/wp-content\/uploads\/2022\/06\/DJI_0091-768x432.jpg 768w, https:\/\/www.oedt.at\/biohof\/wp-content\/uploads\/2022\/06\/DJI_0091-1536x864.jpg 1536w, https:\/\/www.oedt.at\/biohof\/wp-content\/uploads\/2022\/06\/DJI_0091-2048x1152.jpg 2048w\" sizes=\"(max-width: 2560px) 100vw, 2560px\" \/><\/figure>\n<\/figure>\n","protected":false},"excerpt":{"rendered":"<p>Im November 2019 haben wir ein weiteres Ferienhaus erworben. Es befindet sich in Stadlberg, welches zur Gemeinde Karlstift in Nieder\u00f6sterreich geh\u00f6rt. \u00dcber ein Jahr lang wurde es von Grund auf neu renoviert und mit viel Liebe eingerrichtet. Ab 2021 steht<a class=\"more-link\" href=\"https:\/\/www.oedt.at\/biohof\/?page_id=552\"><span>Weiterlesen<\/span><\/a><\/p>\n","protected":false},"author":1,"featured_media":0,"parent":572,"menu_order":2,"comment_status":"closed","ping_status":"closed","template":"","meta":{"ngg_post_thumbnail":0},"_links":{"self":[{"href":"https:\/\/www.oedt.at\/biohof\/index.php?rest_route=\/wp\/v2\/pages\/552"}],"collection":[{"href":"https:\/\/www.oedt.at\/biohof\/index.php?rest_route=\/wp\/v2\/pages"}],"about":[{"href":"https:\/\/www.oedt.at\/biohof\/index.php?rest_route=\/wp\/v2\/types\/page"}],"author":[{"embeddable":true,"href":"https:\/\/www.oedt.at\/biohof\/index.php?rest_route=\/wp\/v2\/users\/1"}],"replies":[{"embeddable":true,"href":"https:\/\/www.oedt.at\/biohof\/index.php?rest_route=%2Fwp%2Fv2%2Fcomments&post=552"}],"version-history":[{"count":3,"href":"https:\/\/www.oedt.at\/biohof\/index.php?rest_route=\/wp\/v2\/pages\/552\/revisions"}],"predecessor-version":[{"id":623,"href":"https:\/\/www.oedt.at\/biohof\/index.php?rest_route=\/wp\/v2\/pages\/552\/revisions\/623"}],"up":[{"embeddable":true,"href":"https:\/\/www.oedt.at\/biohof\/index.php?rest_route=\/wp\/v2\/pages\/572"}],"wp:attachment":[{"href":"https:\/\/www.oedt.at\/biohof\/index.php?rest_route=%2Fwp%2Fv2%2Fmedia&parent=552"}],"curies":[{"name":"wp","href":"https:\/\/api.w.org\/{rel}","templated":true}]}}