{"id":47,"date":"2016-01-29T20:25:03","date_gmt":"2016-01-29T19:25:03","guid":{"rendered":"http:\/\/www.oedt.at\/biohof\/?page_id=47"},"modified":"2017-04-06T10:17:37","modified_gmt":"2017-04-06T08:17:37","slug":"impressum","status":"publish","type":"page","link":"https:\/\/www.oedt.at\/biohof\/?page_id=47","title":{"rendered":"IMPRESSUM"},"content":{"rendered":"<p>Herausgeber dieser Webseiten sind:<\/p>\n<hr>\n<p><strong>Name:<\/strong>&nbsp;Hans-Peter Waldh\u00f6r &amp; Daniela Schnabl<br \/>\n<strong>Adresse:<\/strong> Sch\u00f6neben 43, 4252 Liebenau<br \/>\n<strong>Telefon:<\/strong> +43 (650)&nbsp;4325027<br \/>\n<strong>E-Mail:<\/strong>&nbsp;<a href=\"mailto:kontakt@biohofbruckmann.at\"><span style=\"color: #0000ff;\">kontakt@biohofbruckmann.at<\/span><\/a><br \/>\n<strong>Rechtsform:<\/strong>&nbsp;pauschalierter Bergbauernhof<\/p>\n<hr>\n<p><span style=\"font-size: small;\">Die Inhalte dieser Website werden mit gr\u00f6\u00dftm\u00f6glicher Sorgfalt recherchiert und implementiert. Fehler im Bearbeitungsvorgang sind dennoch nicht auszuschlie\u00dfen. Hinweise und Korrekturen senden Sie bitte an eine der hier aufgef\u00fchrten Adressen. Eine Haftung f\u00fcr die Richtigkeit, Vollst\u00e4ndigkeit und Aktualit\u00e4t dieser Webseiten kann trotz sorgf\u00e4ltiger Pr\u00fcfung nicht \u00fcbernommen werden. Die&nbsp;Fam. Schnabl&nbsp;\u00fcbernimmt insbesondere keinerlei Haftung, f\u00fcr eventuelle Sch\u00e4den oder Konsequenzen, die durch die direkte oder indirekte Nutzung der angebotenen Inhalte entstehen.<\/span><\/p>\n","protected":false},"excerpt":{"rendered":"<p>Herausgeber dieser Webseiten sind: Name:&nbsp;Hans-Peter Waldh\u00f6r &amp; Daniela Schnabl Adresse: Sch\u00f6neben 43, 4252 Liebenau Telefon: +43 (650)&nbsp;4325027 E-Mail:&nbsp;kontakt@biohofbruckmann.at Rechtsform:&nbsp;pauschalierter Bergbauernhof Die Inhalte dieser Website werden mit gr\u00f6\u00dftm\u00f6glicher Sorgfalt recherchiert und implementiert. Fehler im Bearbeitungsvorgang sind dennoch nicht auszuschlie\u00dfen. Hinweise und<a class=\"more-link\" href=\"https:\/\/www.oedt.at\/biohof\/?page_id=47\"><span>Weiterlesen<\/span><\/a><\/p>\n","protected":false},"author":1,"featured_media":0,"parent":0,"menu_order":8,"comment_status":"closed","ping_status":"closed","template":"","meta":{"ngg_post_thumbnail":0},"_links":{"self":[{"href":"https:\/\/www.oedt.at\/biohof\/index.php?rest_route=\/wp\/v2\/pages\/47"}],"collection":[{"href":"https:\/\/www.oedt.at\/biohof\/index.php?rest_route=\/wp\/v2\/pages"}],"about":[{"href":"https:\/\/www.oedt.at\/biohof\/index.php?rest_route=\/wp\/v2\/types\/page"}],"author":[{"embeddable":true,"href":"https:\/\/www.oedt.at\/biohof\/index.php?rest_route=\/wp\/v2\/users\/1"}],"replies":[{"embeddable":true,"href":"https:\/\/www.oedt.at\/biohof\/index.php?rest_route=%2Fwp%2Fv2%2Fcomments&post=47"}],"version-history":[{"count":4,"href":"https:\/\/www.oedt.at\/biohof\/index.php?rest_route=\/wp\/v2\/pages\/47\/revisions"}],"predecessor-version":[{"id":362,"href":"https:\/\/www.oedt.at\/biohof\/index.php?rest_route=\/wp\/v2\/pages\/47\/revisions\/362"}],"wp:attachment":[{"href":"https:\/\/www.oedt.at\/biohof\/index.php?rest_route=%2Fwp%2Fv2%2Fmedia&parent=47"}],"curies":[{"name":"wp","href":"https:\/\/api.w.org\/{rel}","templated":true}]}}