{"id":35,"date":"2016-01-29T20:22:09","date_gmt":"2016-01-29T19:22:09","guid":{"rendered":"http:\/\/www.oedt.at\/biohof\/?page_id=35"},"modified":"2017-02-28T20:36:01","modified_gmt":"2017-02-28T19:36:01","slug":"rassebeschreibung","status":"publish","type":"page","link":"https:\/\/www.oedt.at\/biohof\/?page_id=35","title":{"rendered":"Rassebeschreibung"},"content":{"rendered":"<p><strong>Schw\u00e4bisch H\u00e4llische Landschwein<\/strong><\/p>\n<p>Das Schw\u00e4bisch H\u00e4llische Landschwein geh\u00f6rt zur Gruppe der Sattelschweinerassen und hat ihren Ursprung in China, von wo sie im 18.Jahrhundert nach England kamen. Von dort eroberten sie ab 1816 den europ\u00e4ischen Kontinent. Den Namen erhielt das Schw\u00e4bisch H\u00e4llische Landschwein durch die Tatsache, dass es sich im damaligen K\u00f6nigreich W\u00fcrttemberg in der Region Schw\u00e4bisch-Hall am meisten verbreitet hat.<\/p>\n<p>Typisch f\u00fcr diese Rasse ist ein schwarzer Kopf und schwarzes Hinterteil, langgestreckter K\u00f6rper, mit gro\u00dfen Schlappohren und langem R\u00fcssel. Weiters z\u00e4hlen zu den Vorteilen dieser Rasse ihre Masthaftigkeit, Fruchtbarkeit, die Gr\u00f6\u00dfe der Ferkel, die durch das breite Becken der Muttersau aber leicht zur Welt kommen.<\/p>\n<p>Uns begeistert die Gutm\u00fctigkeit, hervorragende Muttersaueigenschaften und Robustheit dieser Rasse gepaart mit absolut einwandfreier Fleischqualit\u00e4t.<\/p>\n<figure id=\"attachment_309\" aria-describedby=\"caption-attachment-309\" style=\"width: 596px\" class=\"wp-caption alignnone\"><img loading=\"lazy\" class=\" wp-image-309\" src=\"http:\/\/www.oedt.at\/biohof\/wp-content\/uploads\/2017\/02\/DSCN1531.jpg\" alt=\"\" width=\"596\" height=\"372\" srcset=\"https:\/\/www.oedt.at\/biohof\/wp-content\/uploads\/2017\/02\/DSCN1531.jpg 4559w, https:\/\/www.oedt.at\/biohof\/wp-content\/uploads\/2017\/02\/DSCN1531-300x187.jpg 300w, https:\/\/www.oedt.at\/biohof\/wp-content\/uploads\/2017\/02\/DSCN1531-768x479.jpg 768w, https:\/\/www.oedt.at\/biohof\/wp-content\/uploads\/2017\/02\/DSCN1531-1024x639.jpg 1024w\" sizes=\"(max-width: 596px) 100vw, 596px\" \/><figcaption id=\"caption-attachment-309\" class=\"wp-caption-text\">Herta und Ferkel<\/figcaption><\/figure>\n<figure id=\"attachment_308\" aria-describedby=\"caption-attachment-308\" style=\"width: 596px\" class=\"wp-caption alignnone\"><img loading=\"lazy\" class=\" wp-image-308\" src=\"http:\/\/www.oedt.at\/biohof\/wp-content\/uploads\/2017\/02\/DSC_0320.jpg\" alt=\"\" width=\"596\" height=\"335\" srcset=\"https:\/\/www.oedt.at\/biohof\/wp-content\/uploads\/2017\/02\/DSC_0320.jpg 3264w, https:\/\/www.oedt.at\/biohof\/wp-content\/uploads\/2017\/02\/DSC_0320-300x169.jpg 300w, https:\/\/www.oedt.at\/biohof\/wp-content\/uploads\/2017\/02\/DSC_0320-768x432.jpg 768w, https:\/\/www.oedt.at\/biohof\/wp-content\/uploads\/2017\/02\/DSC_0320-1024x576.jpg 1024w\" sizes=\"(max-width: 596px) 100vw, 596px\" \/><figcaption id=\"caption-attachment-308\" class=\"wp-caption-text\">Herta mit ihren Neugeborenen!<\/figcaption><\/figure>\n<figure id=\"attachment_311\" aria-describedby=\"caption-attachment-311\" style=\"width: 596px\" class=\"wp-caption alignnone\"><img loading=\"lazy\" class=\" wp-image-311\" src=\"http:\/\/www.oedt.at\/biohof\/wp-content\/uploads\/2017\/02\/DSCN1580.jpg\" alt=\"\" width=\"596\" height=\"447\" srcset=\"https:\/\/www.oedt.at\/biohof\/wp-content\/uploads\/2017\/02\/DSCN1580.jpg 4608w, https:\/\/www.oedt.at\/biohof\/wp-content\/uploads\/2017\/02\/DSCN1580-300x225.jpg 300w, https:\/\/www.oedt.at\/biohof\/wp-content\/uploads\/2017\/02\/DSCN1580-768x576.jpg 768w, https:\/\/www.oedt.at\/biohof\/wp-content\/uploads\/2017\/02\/DSCN1580-1024x768.jpg 1024w\" sizes=\"(max-width: 596px) 100vw, 596px\" \/><figcaption id=\"caption-attachment-311\" class=\"wp-caption-text\">Auch bei Schnee und Minusgraden sind sie gl\u00fccklich!<\/figcaption><\/figure>\n","protected":false},"excerpt":{"rendered":"<p>Schw\u00e4bisch H\u00e4llische Landschwein Das Schw\u00e4bisch H\u00e4llische Landschwein geh\u00f6rt zur Gruppe der Sattelschweinerassen und hat ihren Ursprung in China, von wo sie im 18.Jahrhundert nach England kamen. Von dort eroberten sie ab 1816 den europ\u00e4ischen Kontinent. Den Namen erhielt das Schw\u00e4bisch<a class=\"more-link\" href=\"https:\/\/www.oedt.at\/biohof\/?page_id=35\"><span>Weiterlesen<\/span><\/a><\/p>\n","protected":false},"author":1,"featured_media":0,"parent":33,"menu_order":0,"comment_status":"closed","ping_status":"closed","template":"","meta":{"ngg_post_thumbnail":0},"_links":{"self":[{"href":"https:\/\/www.oedt.at\/biohof\/index.php?rest_route=\/wp\/v2\/pages\/35"}],"collection":[{"href":"https:\/\/www.oedt.at\/biohof\/index.php?rest_route=\/wp\/v2\/pages"}],"about":[{"href":"https:\/\/www.oedt.at\/biohof\/index.php?rest_route=\/wp\/v2\/types\/page"}],"author":[{"embeddable":true,"href":"https:\/\/www.oedt.at\/biohof\/index.php?rest_route=\/wp\/v2\/users\/1"}],"replies":[{"embeddable":true,"href":"https:\/\/www.oedt.at\/biohof\/index.php?rest_route=%2Fwp%2Fv2%2Fcomments&post=35"}],"version-history":[{"count":3,"href":"https:\/\/www.oedt.at\/biohof\/index.php?rest_route=\/wp\/v2\/pages\/35\/revisions"}],"predecessor-version":[{"id":339,"href":"https:\/\/www.oedt.at\/biohof\/index.php?rest_route=\/wp\/v2\/pages\/35\/revisions\/339"}],"up":[{"embeddable":true,"href":"https:\/\/www.oedt.at\/biohof\/index.php?rest_route=\/wp\/v2\/pages\/33"}],"wp:attachment":[{"href":"https:\/\/www.oedt.at\/biohof\/index.php?rest_route=%2Fwp%2Fv2%2Fmedia&parent=35"}],"curies":[{"name":"wp","href":"https:\/\/api.w.org\/{rel}","templated":true}]}}