{"id":27,"date":"2016-01-29T20:19:57","date_gmt":"2016-01-29T19:19:57","guid":{"rendered":"http:\/\/www.oedt.at\/biohof\/?page_id=27"},"modified":"2017-02-28T20:43:46","modified_gmt":"2017-02-28T19:43:46","slug":"rezepte","status":"publish","type":"page","link":"https:\/\/www.oedt.at\/biohof\/?page_id=27","title":{"rendered":"Rezepte"},"content":{"rendered":"<p>Die Bezeichnung der Fleischst\u00fccke im Rezept ist ident mit der Aufschrift auf dem gekauftem Fleischpaket.<br \/>\nSie haben somit immer ein richtiges Rezept f\u00fcr Ihr Bio-Rindfleisch Fleisch !<br \/>\n<strong><em>BRUSTKERN<\/em><\/strong><br \/>\nZum D\u00fcnsten und Kochen<br \/>\nSehr gutes Kochfleisch, grobfasrig und mit Fettrand.<\/p>\n<p>&nbsp;<\/p>\n<p><strong>MARINIERTES RINDFLEISCH<\/strong><br \/>\nZutaten: f\u00fcr 4 Personen<br \/>\n50 dag Rindfleisch, Salz, Pfeffer<br \/>\n4 Karotten, 1 kleine Sellerie, 1\/16 l Suppe<br \/>\n5 EL Maiskeim\u00f6l, 3 EL Weinessig,<br \/>\ngehackte Petersilie, Schnittlauch, Kresse<\/p>\n<p>Rindfleisch mit Wurzelwerk und Gew\u00fcrzen kochen, noch\u00a0 lauwarm in d\u00fcnne Scheiben schneiden und auf einer Platte\u00a0 anrichten. Suppengem\u00fcse hacken, \u00fcber das Rindfleisch\u00a0 streuen. Aus \u00d6l, Essig, Suppe, Petersilie, Schnittlauch, Salz\u00a0 und Pfeffer eine Marinade zubereiten und das Fleisch damit\u00a0 \u00fcbergie\u00dfen. Die Platte zuletzt mit Kresse garnieren.<br \/>\n*******************************<\/p>\n<p>&nbsp;<\/p>\n<p>&nbsp;<\/p>\n<p><strong><em>HALS\u00a0(Nackenst\u00fcck)<\/em><\/strong><strong><em><br \/>\n<\/em><\/strong>Zum D\u00fcnsten und f\u00fcr Gulasch<br \/>\nFestes, fast fettloses Fleisch.<br \/>\nEignet sich ideal f\u00fcr die Zubereitung von Faschiertem, Gulasch, Geschnetzeltes.<\/p>\n<p>&nbsp;<\/p>\n<p>&nbsp;<\/p>\n<p><strong>ROTKRAUT-ROULADEN<br \/>\n<\/strong>Zutaten: f\u00fcr 4 Personen\u00a0 <strong><br \/>\n<\/strong>40 dkg Faschiertes, Salz, Pfeffer <strong><br \/>\n<\/strong>1 Zwiebel, 2 Zehen Knoblauch <strong><br \/>\n<\/strong>1 Ei, 4 El. \u00d6l, 4 El. Butter <strong><br \/>\n<\/strong>2 El. Essig, Worcestersauce <strong><br \/>\n<\/strong>8 Bl\u00e4tter Rotkraut, 4 Stk. Paradeiser <strong><br \/>\n<\/strong>je 1 Tl. Majoran, Basilikum, Thymian <strong><br \/>\n<\/strong><br \/>\nRotkrautbl\u00e4tter blanchieren, Zwiebel und Knoblauch in \u00d6l anschwitzen und Faschiertes darin anbraten. Mit Salz,Pfeffer, Ei und Gew\u00fcrzen vermischen. Die Rotkrautbl\u00e4tter mit\u00a0 F\u00fclle belegen, einrollen und mit K\u00fcchenspagat binden. Butter in einer Bratpfanne zergehen lassen, die Rotkrautrouladen hineinsetzen u. Paradeiserscheiben dazugeben, diese mit Salz, Pfeffer, Basilikum u. Thymian w\u00fcrzen.\u00a0 Backzeit: ca.30. Min. bei 175 Grad.<br \/>\n*********************************<\/p>\n<p>&nbsp;<\/p>\n<p>&nbsp;<\/p>\n<p><strong><em>HINTERES AUSGEL\u00d6STES \u2013 Verborgenes, Rostbraten, Gab, Schalendeckel, H\u00fcferschwanzerl,\u00a0usw.<\/em><\/strong><strong><em><br \/>\n<\/em><\/strong>Zum D\u00fcnsten, Langsambraten\u00a0und Kochen.<br \/>\nDas Hintere Ausgel\u00f6ste ist ein saftiges, leicht fettdurchwachsenes Fleisch.<\/p>\n<p>&nbsp;<\/p>\n<p><strong>J\u00c4GERBRATEN <\/strong><strong><br \/>\n<\/strong>Zutaten: f\u00fcr 4 Personen\u00a0 <strong><br \/>\n<\/strong>4 Scheiben vord. Rostbraten <strong><br \/>\n<\/strong>2 Zwiebel <strong><br \/>\n<\/strong>30 dag Schwammerln oder Pilze <strong><br \/>\n<\/strong>30 dag geriebenen K\u00e4se <strong><br \/>\n<\/strong>Salz, Pfeffer, Petersilie<\/p>\n<p>Die Rostbraten einschneiden und klopfen, mit Salz und\u00a0 Pfeffer einreiben und in Butter braten. Die fertigen\u00a0 Rostbraten mit den in Zwiebel ger\u00f6steten Schwammerln \u00a0belegen, dick mit K\u00e4se und Petersillie bestreuen, im hei\u00dfem Rohr ca. 10 Min. \u00fcberbacken. <strong><br \/>\n<\/strong>**********************************<\/p>\n<p>&nbsp;<\/p>\n<p>&nbsp;<\/p>\n<p><strong>DICKE SCHULTER<br \/>\n<\/strong>Langsambraten, D\u00fcnsten, Kochen, Gulasch<br \/>\nSaftiges Fleisch, teilweise mit Sehnen durchzogen<\/p>\n<p><strong>GRIECHISCHES RINDSGULASCH<\/strong><strong><br \/>\n<\/strong>Zutaten: f\u00fcr 4 Personen\u00a0 <strong><br \/>\n<\/strong>1 kg Rindsgulaschfleisch, 3 EL \u00d6l <strong><br \/>\n<\/strong>1 kg Zwiebeln, 2 Tomaten, 3 Knoblauchzehen <strong><br \/>\n<\/strong>2 Lorbeerbl\u00e4tter, Oregano, Salz, Pfeffer <strong><br \/>\n<\/strong>3\/8 l Rotwein, 1\/4 l Tomatensaft, 2 EL Essig<\/p>\n<p>Tomaten sch\u00e4len und w\u00fcrfeln. Zwiebeln sch\u00e4len und\u00a0 kreuzweise einschneiden. \u00d6l erhitzen und das gew\u00fcrfelte\u00a0 Fleisch darin anbraten. Fleisch herausnehmen. Im\u00a0 Bratenr\u00fcckstand gepressten Knoblauch und die ganzen\u00a0 Zwiebeln anbraten. Tomaten kurz mitd\u00fcnsten. Fleisch wieder\u00a0 dazugeben. Mit Salz und Pfeffer w\u00fcrzen. Rotwein, Essig\u00a0 und Tomatensaft mischen und das Fleisch damit abl\u00f6schen.\u00a0 Lorbeerbl\u00e4tter dazugeben und zugedeckt etwa 1,5 Stunden\u00a0 bei schwacher Hitze schmoren. Mit Oregano w\u00fcrzen. ************************<\/p>\n<p>&nbsp;<br \/>\n<strong><em><br \/>\nMAGERES MEISEL, SCHULTERSCHERZL<\/em><\/strong><br \/>\nZum Kochen und D\u00fcnsten und Langsambraten<br \/>\nWird auch als falsches Filet und Schultermeisel bezeichnet<\/p>\n<p>&nbsp;<\/p>\n<p><strong>RINDERCURRY MADRAS<\/strong><strong><br \/>\n<\/strong>Zutaten: f\u00fcr 4 Personen\u00a0 <strong><br \/>\n<\/strong>50 dag gekochtes Rindfleisch,1\/2 l Rindsuppe <strong><br \/>\n<\/strong>4 EL \u00d6l, 2 Zwiebeln, 4 Knoblauchzehen\u00a0 <strong><br \/>\n<\/strong>1 roter Paprika, 1 gr\u00fcner Paprika, 1 EL \u00d6l <strong><br \/>\n<\/strong>30 dag Wurzelwerk, 1EL Paradeismark <strong><br \/>\n<\/strong>2 EL Curry, 1 EL St\u00e4rkemehl<\/p>\n<p>Feingehackte Zwiebeln in \u00d6l goldgelb r\u00f6sten, gesch\u00e4ltes,\u00a0geschnittenes Wurzelwerk dazugeben und anr\u00f6sten.\u00a0 Zerdr\u00fcckten Knoblauch, Curry und Paradeismark beigeben, \u00a0kurz weiterr\u00f6sten. Mit Suppe aufgie\u00dfen und 15 Minuten\u00a0 kochen lassen. Geschnittene Paprikaschoten in \u00d6l extra\u00a0 anbraten, gew\u00fcrfeltes Rindfleisch beigeben und anr\u00f6sten.\u00a0 Fleisch und Currysauce vermischen und 10 Minuten garen.\u00a0 St\u00e4rkemehl mit Wasser verr\u00fchren und das Ragout binden.<br \/>\n**************************<\/p>\n<p>&nbsp;<\/p>\n<p>&nbsp;<\/p>\n<p><strong><em>WADSCHINKEN<br \/>\n<\/em><\/strong>Gulasch, Faschiertes<br \/>\nHinterer und vorderer Wadschinken, saftiges Gulaschfleisch.<\/p>\n<p><strong>KESSELGULASCHSUPPE<\/strong><strong><br \/>\n<\/strong>Zutaten: f\u00fcr 4 Personen\u00a0 <strong><br \/>\n<\/strong>50 dag Wadschinken,3 EL \u00d6l, Salz, Pfeffer <strong><br \/>\n<\/strong>50 dag Zwiebeln, 50 dag Kartoffeln, Knoblauch <strong><br \/>\n<\/strong>2 Paprikaschoten, 2 Karotten, 3 Paradeiser\u00a0 <strong><br \/>\n<\/strong>2 EL Paprika, Majoran, K\u00fcmmel, 1 EL Essig <strong><br \/>\n<\/strong>1 EL glattes Mehl, 2 EL Sauerrahm.<\/p>\n<p>Zwiebel grob schneiden, in hei\u00dfem \u00d6l goldgelb r\u00f6sten. In W\u00fcrfel geschnittenes Fleisch zugeben und anr\u00f6sten.\u00a0 Paprika, Salz und Gew\u00fcrze beif\u00fcgen und kurz weiterr\u00f6sten.\u00a0 Paprika mit Essig abl\u00f6schen, mit etwas Wasser aufgie\u00dfen\u00a0 und 40 Minuten d\u00fcnsten. Kartoffeln, Paprika, Tomaten und\u00a0 Karotten schneiden und der Suppe beigeben. Weitere 30\u00a0 Minuten klein k\u00f6cheln lassen. Zuletzt die Gulaschsuppe mit\u00a0 Mehl binden und mit Sauerrahm verfeinern.<br \/>\n*************************<\/p>\n<p>&nbsp;<\/p>\n<p>&nbsp;<\/p>\n<p><strong><em>ROSTBRATEN<br \/>\n<\/em><\/strong>Zum Grillen, Kurzbraten u. Braten<br \/>\nLiegt vor der Beiried und ist ein sehr saftiges, aromatisches Teilst\u00fcck, das mit Fett durchwachsen ist und eine schmackhafte Fettabdeckung aufweist.<\/p>\n<p>&nbsp;<\/p>\n<p><strong>ZNAIMER ROSTBRATEN<\/strong><strong><br \/>\n<\/strong>Zutaten: f\u00fcr 4 Personen\u00a0 <strong><br \/>\n<\/strong>4 Stk. Rostbraten <strong><br \/>\n<\/strong>1 Zwiebel klein, 2 Pfefferoni <strong><br \/>\n<\/strong>1\/2 lt. Suppe <strong><br \/>\n<\/strong>1\/8 lt. Schlagobers <strong><br \/>\n<\/strong>1 El Tomatenmark <strong><br \/>\n<\/strong>1 El Senf, Salz, Pfeffer <strong><br \/>\n<\/strong><br \/>\nZwiebel, Pfefferoni schneiden; Rost-\u00a0 braten klopfen,\u00a0 einschneiden, salzen, pfeffern und beidseitig rasch\u00a0 anbraten; im Bratr\u00fcckstand Zwiebel und Pfefferoni\u00a0 anschwitzen; Paradeismark einr\u00fchren und kurz mitr\u00f6sten;\u00a0 mit Suppe und Obers aufgie\u00dfen; Senf einr\u00fchren und Sauce aufkochen lassen; Fleisch dazugeben und ca. 40 Minuten\u00a0weichd\u00fcnsten.<\/p>\n<p>*****************************<\/p>\n<p>&nbsp;<\/p>\n<p>&nbsp;<\/p>\n<p><strong><em>BEIRIED (Striploin,Rumpsteak),\u00a0LUNGENBRATEN (Filet, Tenderloin)<br \/>\n<\/em><\/strong>Kurzbraten und Spezialit\u00e4ten<br \/>\nFilet: kurzfasrig, zart, mager und saftig<br \/>\nBeiried: saftig, leicht marmoriert<\/p>\n<p><strong>RINDSMEDAILLONS <\/strong><strong><br \/>\n<\/strong>Zutaten: f\u00fcr 4 Personen\u00a0 <strong><br \/>\n<\/strong>4 Rindsmedaillons (ca.600 g) <strong><br \/>\n<\/strong>1 EL Oliven\u00f6l, 50 g Butter <strong><br \/>\n<\/strong>Englischer Senf, Pfeffer, Salz <strong><br \/>\n<\/strong>Worcester Sauce, 2 cl Cognac<\/p>\n<p>\u00d6l mit Butter in einer Pfanne erhitzen. Medaillons bei mittlerer\u00a0Hitze auf beiden Seiten 2 Minuten lang anbraten. Fleisch mit\u00a0 Salz, Pfeffer und Worcester Sauce w\u00fcrzen und nochmals\u00a0 wenden. Senf dem Fleisch beigeben, umr\u00fchren und das\u00a0 Fleisch ein paar weitere Minuten zugedeckt garen.\u00a0 Medaillons mit dem erhitzten Cognac betr\u00e4ufeln, flambieren\u00a0 und solange kochen, bis die Flamme von selbst erlischt. Der\u00a0 Bratenfond sollte etwas dickfl\u00fcssig und dunkel sein.<br \/>\n****************************<\/p>\n<p>&nbsp;<\/p>\n<p>&nbsp;<\/p>\n<p><strong><em>SCHERMRIPPE<br \/>\n<\/em><\/strong>Zum Kochen und f\u00fcr Faschiertes<br \/>\nMit schmackhafter Fettmaserung, grobfasrig<br \/>\n<strong>STEIRISCHE RINDFLEISCHSULZ<\/strong><strong><br \/>\n<\/strong>Zutaten: f\u00fcr 4 Personen\u00a0 <strong><br \/>\n<\/strong>25 dag gekochtes Rindfleisch, Salz, Pfeffer <strong><br \/>\n<\/strong>10 dag Karotten, 10 dag Petersilwurzeln <strong><br \/>\n<\/strong>1\/4 l Suppe, Muskatnuss, 1EL Apfelessig <strong><br \/>\n<\/strong>Gem\u00fcse in Salzwasser bissfest kochen. Fleisch mit Gem\u00fcse\u00a0 in ca. 1\/2 cm gro\u00dfe W\u00fcrfel schneiden. Form (Inhalt 3\/4 l) kalt\u00a0 aussp\u00fclen und mit Frischhaltefolie auslegen. Gelatine in\u00a0 kaltem Wasser einweichen. Suppe erhitzen, salzen und\u00a0 pfeffern und mit Muskat und einigen Tropfen Essig\u00a0 abschmecken. Ausgedr\u00fcckte Gelatine in der Suppe aufl\u00f6sen\u00a0 und dann abk\u00fchlen. Die H\u00e4lfte der Gem\u00fcse- und\u00a0 Fleischw\u00fcrfel in der Form verteilen, mit Suppe bedecken.\u00a0\u00dcbriges Gem\u00fcse, Fleisch und restliche Suppe einf\u00fcllen. <strong><br \/>\n<\/strong>Form mit Frischhaltefolie abdecken, 4 Stunden kalt stellen. <strong><br \/>\n<\/strong>****************************<\/p>\n<p>&nbsp;<\/p>\n<p>&nbsp;<\/p>\n<p><strong><em>HUFTSTEAK (US Sirloin)<\/em><\/strong><strong>, <em>KEULENSTEAK, KAISERSTEAK<\/em><\/strong><br \/>\nKurzbraten, Kochen, Rouladen, Schnitzel<br \/>\nLockere Faserstruktur, saftig mit feinen Fettadern\u00a0\u00a0 durchzogen, eignet sich auch zum Kurzbraten.<\/p>\n<p><strong>FL\u00c4MISCHE RINDSCHNITZEL<\/strong><strong><br \/>\n<\/strong>Zutaten: f\u00fcr 4 Personen\u00a0 <strong><br \/>\n<\/strong>4 dickere Schnitten vom H\u00fcferl, 2 Sardellen <strong><br \/>\n<\/strong>2 dag Kapern, 1 Zwiebel, 3 EL \u00d6l <strong><br \/>\n<\/strong>1\/16 l Sauerrahm, 2 dag Mehl, Salz, Pfeffer <strong><br \/>\n<\/strong>1 Bund Petersilie, 1\/2 l Suppe<\/p>\n<p>Schnitzel klopfen, mit Salz und Pfeffer w\u00fcrzen. Zwiebel,\u00a0 Sardellen, Kapern fein hacken und in etwas \u00d6l anr\u00f6sten.<br \/>\nDas Rindfleisch anbraten, mit Suppe aufgie\u00dfen und weich\u00a0 d\u00fcnsten. Zum Schlu\u00df Mehl mit Sauerrahm verr\u00fchren, die\u00a0 Sauce damit binden, kurz verkochen und gehackte Petersilie\u00a0 dazugeben.<br \/>\n************************<\/p>\n<p>&nbsp;<\/p>\n<p>&nbsp;<\/p>\n<p><strong><em>SCHWARZES SCHERZL(Oberschale), WEISSES SCHERZL<br \/>\n<\/em><\/strong>Braten, Braund\u00fcnsten, Schnitzel<br \/>\nAuch als Kugel oder Zapfen bezeichnet, fast fettfrei, das magerste Fleisch vom Kn\u00f6pfel, auch im Ganzen zum Braten geeignet.<\/p>\n<p>&nbsp;<\/p>\n<p><strong>LAVANTTALER MOSTBRATEN<\/strong><strong><br \/>\n<\/strong>Zutaten: f\u00fcr 4 Personen\u00a0 <strong><br \/>\n<\/strong>1kg Rindfleisch, 30 g Butter <strong><br \/>\n<\/strong>1 Zwiebel, 1\/8 l Sahne, 20 g Mehl <strong><br \/>\n<\/strong>Zutaten f\u00fcr die Beize: <strong><br \/>\n<\/strong>3\/4 l Wasser, 1\/2 l Apfelmost, 2 Zitronenscheiben <strong><br \/>\n<\/strong>1 Zwiebel, 2 Karotten, 1\/4 Sellerieknolle, 2 TL Salz <strong><br \/>\n<\/strong>2 Lorbeerbl\u00e4tter, 8 Wacholderbeeren, Pfefferk\u00f6rner<\/p>\n<p>Das Bratenst\u00fcck salzen, in ein Gef\u00e4\u00df legen, geschnittenes\u00a0 Gem\u00fcse, Lorbeerbl\u00e4tter und Pfefferk\u00f6rner dazugeben und\u00a0 mit Wasser und Most aufgie\u00dfen. 1 &#8211; 2 Tage marinieren\u00a0 lassen und dabei einige Male wenden. Das Fleisch in Butter\u00a0 oder \u00d6l anbraten, das Gem\u00fcse dazugeben, nach und nach\u00a0 mit der restlichen Marinade aufgie\u00dfen und fertig d\u00fcnsten.\u00a0 Den Braten herausnehmen, etwas rasten lassen, dann in\u00a0 Scheiben schneiden. Das Gem\u00fcse kann mit dem Saft p\u00fcriert\u00a0 oder der Saft mit etwas Mehl und Obers gebunden werden.\u00a0****************************<\/p>\n<p>&nbsp;<\/p>\n<p>&nbsp;<\/p>\n<p><strong><em>TAFELST\u00dcCK und TAFELSPITZ<\/em><\/strong><strong><em><br \/>\n<\/em><\/strong>Braten, Kochen, Schnitzel<strong><em><br \/>\n<\/em><\/strong>Feinfasriges Fleisch mit leichtem Fettrand, eine besondere Wiener Spezialit\u00e4t<\/p>\n<p><strong>B\u00d6HMISCHER TAFELSPITZ mit DILLSAUCE<\/strong><strong><br \/>\n<\/strong>Zutaten: f\u00fcr 4 Personen\u00a0 <strong><br \/>\n<\/strong>80 dag Tafelspitz, 1\/2 l Wasser, Salz <strong><br \/>\n<\/strong>\u00a0Zutaten f\u00fcr die Dillsauce: <strong><br \/>\n<\/strong>2 EL Apfelessig, 1\/8 l Schlagobers <strong><br \/>\n<\/strong>1 Bund Dille,1 hartgekochtes Ei <strong><br \/>\n<\/strong>2 EL Mehl, Salz, wei\u00dfen Pfeffer<\/p>\n<p>&nbsp;<\/p>\n<p>Tafelspitz im Ganzen, zur G\u00e4nze mit Wasser bedeckt\u00a0 weichkochen, anschlie\u00dfend aus dem Kochtopf nehmen.\u00a0 Wasser mit Mehl verquirlen, in den verbleibenden Sud\u00a0 einr\u00fchren. Sauce erst aufkochen lassen, dann die\u00a0 Temperatur reduzieren und fein gehackte Dille einr\u00fchren.\u00a0 Essig und Schlagobers zugie\u00dfen, w\u00fcrfelig geschnittenes Ei\u00a0 untermengen. Mit Salz, Pfeffer abschmecken. Fleisch wieder\u00a0 in den Topf geben und 5 Minuten leicht k\u00f6cheln lassen.\u00a0 Tafelspitz herausnehmen und in Scheiben schneiden.<br \/>\n**********************<\/p>\n<p>&nbsp;<\/p>\n<p>&nbsp;<\/p>\n<p><strong><em>SCHALE<br \/>\n<\/em><\/strong>Braten, Rouladen, Schnitzel<br \/>\nDunkles Fleisch, mager, zart, eignet sich besonders f\u00fcr Schnitzel und Rouladen<\/p>\n<p>&nbsp;<\/p>\n<p><strong>RINDSROULADEN ROMA<br \/>\n<\/strong>Zutaten: f\u00fcr 4 Personen<br \/>\n4 gro\u00dfe d\u00fcnne Rindsschnitzel<br \/>\n1 Zwiebel, 2 Zehen Knoblauch<br \/>\n4 EL geriebenen Kren, Salz, Pfeffer<br \/>\n1\/16 Obers geschlagen<br \/>\n2 EL Oliven\u00f6l, 1EL Mehl<br \/>\n1\/16 l Cognac, 1\/8 l Rotwein.<\/p>\n<p>Rindsschnitzel klopfen, salzen und pfeffern. Mit gehackten\u00a0 Zwiebel, zerdr\u00fcckten Knoblauch und Oberskren bestreichen\u00a0 und einrollen. Rouladen leicht in Mehl wenden und im hei\u00dfen\u00a0 \u00d6l von allen Seiten anbraten. Mit Cognac und Rotwein\u00a0 abl\u00f6schen, im Rohr bei 150 Grad, ca. 30 Minuten weich\u00a0 d\u00fcnsten. Teigwaren &#8222;al dente&#8220; kochen, abseihen und in Butter schwenken und zu den Rouladen servieren.<br \/>\n***************************<\/p>\n<p>&nbsp;<\/p>\n<p>&nbsp;<\/p>\n<p><em><strong>BAVETTE<\/strong><br \/>\n<\/em>Kurzbraten<\/p>\n<p>Top Butt Flap<br \/>\nDas Top Butt Flap hat keine deutsche Bezeichnung. Es wird aus der Flanke geschnitten. In Frankreich wird es als Bavette Aloyau bezeichnet. Es handelt sich um ein flaches, stark marmoriertes, sehr saftiges St\u00fcck.<br \/>\n<strong>Bavettestreifen f\u00fcr Salat oder einfach nur mit Steak -oder Grillsauce und Beilagen auf einem Steakteller servieren.<\/strong><\/p>\n<p>Bavette gegen die Faser in 1,5 cm Streifen schneiden. Auf die Schnittseite in den Plattengriller legen und mit Steakgew\u00fcrz w\u00fcrzen. Bei starker Hitze ca. 1 bis 2 Minuten grillen &#8211; Fertig<br \/>\n***************************<\/p>\n","protected":false},"excerpt":{"rendered":"<p>Die Bezeichnung der Fleischst\u00fccke im Rezept ist ident mit der Aufschrift auf dem gekauftem Fleischpaket. Sie haben somit immer ein richtiges Rezept f\u00fcr Ihr Bio-Rindfleisch Fleisch ! BRUSTKERN Zum D\u00fcnsten und Kochen Sehr gutes Kochfleisch, grobfasrig und mit Fettrand. &nbsp;<a class=\"more-link\" href=\"https:\/\/www.oedt.at\/biohof\/?page_id=27\"><span>Weiterlesen<\/span><\/a><\/p>\n","protected":false},"author":1,"featured_media":0,"parent":29,"menu_order":1,"comment_status":"closed","ping_status":"closed","template":"","meta":{"ngg_post_thumbnail":0},"_links":{"self":[{"href":"https:\/\/www.oedt.at\/biohof\/index.php?rest_route=\/wp\/v2\/pages\/27"}],"collection":[{"href":"https:\/\/www.oedt.at\/biohof\/index.php?rest_route=\/wp\/v2\/pages"}],"about":[{"href":"https:\/\/www.oedt.at\/biohof\/index.php?rest_route=\/wp\/v2\/types\/page"}],"author":[{"embeddable":true,"href":"https:\/\/www.oedt.at\/biohof\/index.php?rest_route=\/wp\/v2\/users\/1"}],"replies":[{"embeddable":true,"href":"https:\/\/www.oedt.at\/biohof\/index.php?rest_route=%2Fwp%2Fv2%2Fcomments&post=27"}],"version-history":[{"count":5,"href":"https:\/\/www.oedt.at\/biohof\/index.php?rest_route=\/wp\/v2\/pages\/27\/revisions"}],"predecessor-version":[{"id":344,"href":"https:\/\/www.oedt.at\/biohof\/index.php?rest_route=\/wp\/v2\/pages\/27\/revisions\/344"}],"up":[{"embeddable":true,"href":"https:\/\/www.oedt.at\/biohof\/index.php?rest_route=\/wp\/v2\/pages\/29"}],"wp:attachment":[{"href":"https:\/\/www.oedt.at\/biohof\/index.php?rest_route=%2Fwp%2Fv2%2Fmedia&parent=27"}],"curies":[{"name":"wp","href":"https:\/\/api.w.org\/{rel}","templated":true}]}}