{"id":18,"date":"2016-01-29T20:17:38","date_gmt":"2016-01-29T19:17:38","guid":{"rendered":"http:\/\/www.oedt.at\/biohof\/?page_id=18"},"modified":"2016-01-29T20:50:55","modified_gmt":"2016-01-29T19:50:55","slug":"biographie-von-uschi","status":"publish","type":"page","link":"https:\/\/www.oedt.at\/biohof\/?page_id=18","title":{"rendered":"Biographie von Uschi"},"content":{"rendered":"<p>Uschi Schnabl<\/p>\n<p>Geboren 1960 in Wels, wohnhaft in Liebenau.<br \/>\nNach Absolvieren der Pflichtschule begann Sie eine kaufm\u00e4nnische Lehre.<br \/>\n1982 Eheschlie\u00dfung, 2 Kinder.<br \/>\nKreativ arbeiten und denken lernte Ursula Schnabl bei Ihren speziellen T\u00e4tigkeiten in Ihrem Beruf.<\/p>\n<p>1994 erste Kurse bei Brigitte H\u00fcbl<br \/>\nvon\u00a01995 bis 1999 \u00a0zur Fortbildung bei Professor Helmuth Bodenteich.<br \/>\nLaufend Fortbildungskurse: Alfred Hansl, Prof. Arthur Redhed, Renate Moran, Peter Mairinger, Biersack, Sommerakademie Griechenland, Andrea Rozzero, Kunstakademie Wien, Kunstfabrik Reichenhall, Marthe M. Leitenmayer, Anette Lehrmann, Gerhard Almbauer, \u00a0&#8230;.<\/p>\n<p>Ausstellungen:\u00a0\u00a0\u00a0\u00a0\u00a0Bank Austria, Traun<br \/>\nCaf\u00e9 Kontrast, Linz<br \/>\nMc. Donald\u00b4s Linz<br \/>\nSchloss Traun,<br \/>\nStadtamt Traun<br \/>\nSchloss Bad Zell<br \/>\nElement Haar<br \/>\nFiore &amp; Vino, Plus City &#8211; Lentia Urfahr\u00a0&#8211; Haid Park<br \/>\nKonditorei Goldmann<br \/>\nRaiffeisenbank Liebenau<\/p>\n<p>Ich spiele mit den Farben, habe Freude mit dem Experimentieren mit verschiedenen Materialien und lasse so mein Bild entstehen. Jedes Bild ist ein Abenteuer und entsteht w\u00e4hrend ich male im Kopf. Es kommt auf meine Stimmung, mein Empfinden und auf die Energie an, die man dann in den Bildern findet, sichtbar oder f\u00fchlbar. Ich freue mich, wenn das, was ich durch meine Bilder ausdr\u00fccken will, anderen Freude bereitet. Meine Bilder sollen positive Unterst\u00fctzung im Leben des Betrachters und die Freude die ich beim Malen empfunden habe, vermitteln.<\/p>\n<p>Seit 2006 veranstalte ich selbst Kurse f\u00fcr Anf\u00e4nger und Fortgeschrittene.<br \/>\nEine Gruppe sollte aus mindestens vier bis maximal sechs Personen bestehen.<\/p>\n<p>Das Malen bedeutet mir sehr viel und ich bin mit gro\u00dfer Begeisterung und gro\u00dfem Ehrgeiz dabei<\/p>\n<p>&#8220; Leben ist das, was geschieht, w\u00e4hrend man<br \/>\nandere Dinge im Kopf hat.&#8220;<\/p>\n","protected":false},"excerpt":{"rendered":"<p>Uschi Schnabl Geboren 1960 in Wels, wohnhaft in Liebenau. Nach Absolvieren der Pflichtschule begann Sie eine kaufm\u00e4nnische Lehre. 1982 Eheschlie\u00dfung, 2 Kinder. Kreativ arbeiten und denken lernte Ursula Schnabl bei Ihren speziellen T\u00e4tigkeiten in Ihrem Beruf. 1994 erste Kurse bei<a class=\"more-link\" href=\"https:\/\/www.oedt.at\/biohof\/?page_id=18\"><span>Weiterlesen<\/span><\/a><\/p>\n","protected":false},"author":1,"featured_media":0,"parent":16,"menu_order":0,"comment_status":"closed","ping_status":"closed","template":"","meta":{"ngg_post_thumbnail":0},"_links":{"self":[{"href":"https:\/\/www.oedt.at\/biohof\/index.php?rest_route=\/wp\/v2\/pages\/18"}],"collection":[{"href":"https:\/\/www.oedt.at\/biohof\/index.php?rest_route=\/wp\/v2\/pages"}],"about":[{"href":"https:\/\/www.oedt.at\/biohof\/index.php?rest_route=\/wp\/v2\/types\/page"}],"author":[{"embeddable":true,"href":"https:\/\/www.oedt.at\/biohof\/index.php?rest_route=\/wp\/v2\/users\/1"}],"replies":[{"embeddable":true,"href":"https:\/\/www.oedt.at\/biohof\/index.php?rest_route=%2Fwp%2Fv2%2Fcomments&post=18"}],"version-history":[{"count":2,"href":"https:\/\/www.oedt.at\/biohof\/index.php?rest_route=\/wp\/v2\/pages\/18\/revisions"}],"predecessor-version":[{"id":82,"href":"https:\/\/www.oedt.at\/biohof\/index.php?rest_route=\/wp\/v2\/pages\/18\/revisions\/82"}],"up":[{"embeddable":true,"href":"https:\/\/www.oedt.at\/biohof\/index.php?rest_route=\/wp\/v2\/pages\/16"}],"wp:attachment":[{"href":"https:\/\/www.oedt.at\/biohof\/index.php?rest_route=%2Fwp%2Fv2%2Fmedia&parent=18"}],"curies":[{"name":"wp","href":"https:\/\/api.w.org\/{rel}","templated":true}]}}