{"id":12,"date":"2016-01-29T20:15:41","date_gmt":"2016-01-29T19:15:41","guid":{"rendered":"http:\/\/www.oedt.at\/biohof\/?page_id=12"},"modified":"2016-01-29T20:47:14","modified_gmt":"2016-01-29T19:47:14","slug":"standort","status":"publish","type":"page","link":"https:\/\/www.oedt.at\/biohof\/?page_id=12","title":{"rendered":"Standort"},"content":{"rendered":"<p>Unser Bio-Hof liegt im M\u00fchlviertel ca. 7km westlich von Liebenau, befindet sich auf 846 m Seeh\u00f6he und hat ein Ausma\u00df von ca. 27,5 ha Gr\u00fcnland.<br \/>\nDie Koordinaten sind 48 33 03.70N und 14 44 05.41E<\/p>\n<p>Am g\u00fcnstigsten zu erreichen sind wir von Linz aus \u00fcber Freistadt und Sandl. Ca. f\u00fcnf Kilometer nach Sandl kommt eine Abzweigung rechts Richtung &#8222;Liebenau Tannermoor&#8220; G\u00fcterweg Gugu&#8220;. Auf diesem G\u00fcterweg folgend nach ca. 500m geht es \u00fcber die Br\u00fccke der Schwarzen Aist. Danach ist es der erste Bauernhof auf der linken Seite, direkt neben dem G\u00fcterweg.<\/p>\n<p>Von Wien aus \u00fcber Krems, weiter \u00fcber Zwettl im Waldviertel, Gro\u00df Gerungs, Karlstift. 5 Km nach Karlstift links in den &#8222;G\u00fcterweg Gugu&#8220; einbiegen. Weiter folgend siehe oben.<\/p>\n<p>Unsere genaue Adresse lautet:<\/p>\n<p>Biohof-Bruckmann, 4252 Liebenau, Sch\u00f6n(l)eben 43<\/p>\n","protected":false},"excerpt":{"rendered":"<p>Unser Bio-Hof liegt im M\u00fchlviertel ca. 7km westlich von Liebenau, befindet sich auf 846 m Seeh\u00f6he und hat ein Ausma\u00df von ca. 27,5 ha Gr\u00fcnland. Die Koordinaten sind 48 33 03.70N und 14 44 05.41E Am g\u00fcnstigsten zu erreichen sind<a class=\"more-link\" href=\"https:\/\/www.oedt.at\/biohof\/?page_id=12\"><span>Weiterlesen<\/span><\/a><\/p>\n","protected":false},"author":1,"featured_media":0,"parent":4,"menu_order":3,"comment_status":"closed","ping_status":"closed","template":"","meta":{"ngg_post_thumbnail":0},"_links":{"self":[{"href":"https:\/\/www.oedt.at\/biohof\/index.php?rest_route=\/wp\/v2\/pages\/12"}],"collection":[{"href":"https:\/\/www.oedt.at\/biohof\/index.php?rest_route=\/wp\/v2\/pages"}],"about":[{"href":"https:\/\/www.oedt.at\/biohof\/index.php?rest_route=\/wp\/v2\/types\/page"}],"author":[{"embeddable":true,"href":"https:\/\/www.oedt.at\/biohof\/index.php?rest_route=\/wp\/v2\/users\/1"}],"replies":[{"embeddable":true,"href":"https:\/\/www.oedt.at\/biohof\/index.php?rest_route=%2Fwp%2Fv2%2Fcomments&post=12"}],"version-history":[{"count":1,"href":"https:\/\/www.oedt.at\/biohof\/index.php?rest_route=\/wp\/v2\/pages\/12\/revisions"}],"predecessor-version":[{"id":13,"href":"https:\/\/www.oedt.at\/biohof\/index.php?rest_route=\/wp\/v2\/pages\/12\/revisions\/13"}],"up":[{"embeddable":true,"href":"https:\/\/www.oedt.at\/biohof\/index.php?rest_route=\/wp\/v2\/pages\/4"}],"wp:attachment":[{"href":"https:\/\/www.oedt.at\/biohof\/index.php?rest_route=%2Fwp%2Fv2%2Fmedia&parent=12"}],"curies":[{"name":"wp","href":"https:\/\/api.w.org\/{rel}","templated":true}]}}